{"id":858,"date":"2022-10-01T12:00:00","date_gmt":"2022-10-01T10:00:00","guid":{"rendered":"https:\/\/www.revolucionpermanente.com\/francais\/?page_id=858"},"modified":"2022-11-08T19:52:11","modified_gmt":"2022-11-08T18:52:11","slug":"presentation-du-collectif-revolution-permanente-intervention-a-la-conference-de-loti-31-octobre-2022","status":"publish","type":"page","link":"https:\/\/www.revolucionpermanente.com\/francais\/presentation-du-collectif-revolution-permanente-intervention-a-la-conference-de-loti-31-octobre-2022\/","title":{"rendered":"Pr\u00e9sentation du Collectif R\u00e9volution Permanente (intervention \u00e0 la conf\u00e9rence de l\u2019OTI, 31 octobre 2022)"},"content":{"rendered":"\n<div id='corps_texte'>\n<h3>Pr\u00e9sentation du Collectif R\u00e9volution Permanente (intervention \u00e0 la conf\u00e9rence de l\u2019OTI, 31 octobre 2022)<\/h3>\n\nLe Collectif R\u00e9volution permanente est une petite coalition internationale de groupes en Autriche, dans l\u2019\u00c9tat espagnol, en France et en Turquie.<br><br>\n\nIl est n\u00e9 voici une vingtaine d\u2019ann\u00e9e. Fin 2002 la LOI (Ligue ouvri\u00e8re internationaliste, une scission du PTS) organisait une conf\u00e9rence internationale, avec des organisations du Mouvement pour une Internationale Communiste R\u00e9volutionnaire, maintenant L5, du Comit\u00e9 international de la Quatri\u00e8me Internationale \/ Comit\u00e9 d&rsquo;organisation pour la reconstruction de la Quatri\u00e8me Internationale.<br><br>\n\nDes fondements provisoires ont \u00e9t\u00e9 \u00e9tablis en 2003<br><br>\n\n<ul><li>La n\u00e9cessit\u00e9 d\u2019un parti r\u00e9volutionnaire<\/li>\n<li>La d\u00e9fense de la r\u00e9volution permanente contre le front uni anti-imp\u00e9rialiste<\/li>\n<li>L\u2019armement des masses et la n\u00e9cessit\u00e9 de l\u2019insurrection, contre le pacifisme, contre l\u2019assembl\u00e9e constituante dans les pays dot\u00e9s d\u2019un syst\u00e8me multipartite et de libert\u00e9s d\u00e9mocratiques (comme en Argentine)<\/li><\/ul>\n\n18 mois plus tard en 2004 la LOI et sa fraction rompaient avec le Collectif pour deux raisons (i) l\u2019abandon de la n\u00e9cessit\u00e9 d\u2019un parti, (ii) l\u2019adaptation \u00e0 l\u2019islamisme, sous pr\u00e9texte d\u2019anti-imp\u00e9rialisme\u00a0; dix ans plus tard la LOI envoyait des troupes aux djihadistes en Syrie, avec l\u2019approbation du RKOB d\u2019Autriche et du CWG de Nouvelle-Z\u00e9lande. <br><br>\n\nC\u2019est ainsi que nous avons \u00e9t\u00e9 heureux de converger, voici quelques mois, avec le PCL, \u00e0 la suite de l\u2019effondrement de la Coordination pour la refondation de la 4e Internationale. Bien s\u00fbr nous cherchons \u00e0 poursuivre cette coop\u00e9ration, \u00e0 adopter d\u2019autres r\u00e9solutions et \u00e0 organiser ensemble une conf\u00e9rence internationale.<br><br>\n\nNotre objectif est de construire une Internationale ouvri\u00e8re r\u00e9volutionnaire dans la continuit\u00e9 historique de la Ligue des communistes, du Conseil g\u00e9n\u00e9ral de l\u2019Association internationale des travailleurs, des ailes internationalistes de l\u2019Internationale ouvri\u00e8res, de l\u2019Internationale communiste, de la 4e Internationale. Il ne peut pas s\u2019agir pas de la renaissance de l\u2019un d\u2019entre eux mais d\u2019une nouvelle organisation.<br><br>\n\nPlusieurs questions sont d\u00e9cisives pour nous.<br><br>\n\n(i) La situation mondiale est marqu\u00e9e par l\u2019approfondissement de la crise de direction du prol\u00e9tariat. Elle s\u2019est aggrav\u00e9e avec la restauration du capitalisme en Europe de l\u2019est, en Russie et en Chine \u00e0 la fin des ann\u00e9es 1980 et au d\u00e9but des ann\u00e9es 1990. Cela a eu pour cons\u00e9quence un d\u00e9placement vers la droite du mouvement ouvrier. Le centrisme, avec notamment des organisations de feue la 4e Internationale, a connu un mouvement similaire\u00a0: des tentatives pour cr\u00e9er des organisations larges, une insertion croissante dans les bureaucraties syndicales\u2026 Les \u00c9tats bourgeois domin\u00e9s ne peuvent plus se reposer sur l\u2019Union sovi\u00e9tique ou sur la R\u00e9publique populaire de Chine, avec pour cons\u00e9quence la mont\u00e9e du cl\u00e9ricalisme, et en particulier l\u2019islamisme comme forme de contre-r\u00e9volution.<br><br>\n\n(ii) Le r\u00e9formisme ne comprend pas les partis ou r\u00e9gimes nationalistes bourgeois. C\u2019est un courant au sein du mouvement ouvrier, le plus influent. Il caract\u00e9rise les bureaucraties corrompues des partis social-patriotes et des syndicats. Il est possible de pratiquer l\u2019entrisme dans ces organisations, pas dans les partis bourgeois. Le front unique ouvrier concerne les organisations ouvri\u00e8res, pas \u00ab<em>\u00a0la gauche\u00a0<\/em>\u00bb ni les partis nationalistes bourgeois. La strat\u00e9gie communiste aujourd\u2019hui, c\u2019est-\u00e0-dire la r\u00e9volution permanente, n\u2019est compatible avec aucune forme de front populaire, y compris dans les pays domin\u00e9s, le soi-disant front uni anti-imp\u00e9rialiste.<br><br>\n\n(iii) Nous observons, avec le d\u00e9clin du capitalisme, la r\u00e9\u00e9mergence de groupes r\u00e9ellement fascistes. Ils attaquent physiquement les minorit\u00e9s et le mouvement ouvrier. Partout la bourgeoisie encourage les partis x\u00e9nophobes et cl\u00e9ricaux<br><br>\n\n(iv) Les mouvements de masse spontan\u00e9s n\u2019ont pas cess\u00e9 \u00e0 cause de la restauration capitaliste, seulement ils sont moins li\u00e9s \u00e0 la classe ouvri\u00e8re qu\u2019ils ne l\u2019\u00e9taient dans les ann\u00e9es 1960 et 1970. Ils pr\u00e9sentent une forme plus multiclassiste, ils sont plus influenc\u00e9s par la petite-bourgeoisie ou par certaines fractions de la bourgeoisie nationale ou internationale. Parfois la bourgeoisie s\u2019appuie sur des fronts populaires, comme en Colombie ou au Chili, pour trahir les masses. Des partis r\u00e9volutionnaires et une Internationale ouvri\u00e8re r\u00e9volutionnaire sont n\u00e9cessaires pour donner \u00e0 ces mouvements un caract\u00e8re de classe.<br><br>\n\n(v) Personne ne peut dire o\u00f9 appara\u00eetront les forces vitales de la future Internationale ouvri\u00e8re r\u00e9volutionnaire. Nous ne pouvons pas nous limiter aux organisations qui se r\u00e9clament du trotskysme, et nous sommes pr\u00eats \u00e0 coop\u00e9rer avec tout camarade, tendance, groupe, organisation sur la base d\u2019un accord sur les principales t\u00e2ches.<br><br>\n\n(vi) Ce qui est s\u00fbr, c\u2019est que pour construire une Internationale ouvri\u00e8re r\u00e9volutionnaire, les communistes doivent lutter contre le nationalisme bourgeois, contre le r\u00e9formisme, contre le centrisme, qui parle de r\u00e9volution mais s\u2019adapte aux pr\u00e9c\u00e9dents. Nous devons mener une lutte de propagande contre toutes les organisations bourgeoises et militer dans les masses pour qu\u2019elles trouvent la voie consciente vers la r\u00e9volution. Cela comprend l\u2019auto-organisation (comit\u00e9s centralis\u00e9s et \u00e9lus) et l\u2019auto-d\u00e9fense des travailleurs et des opprim\u00e9s.<br><br>\n\n(vii) Comme disait le Manifeste de la 4e Internationale en 1940<br><br>\n\n<quote class='citations'>La IV\u00b0 Internationale b\u00e2tit son programme sur les fondements th\u00e9oriques de granit du marxisme. Elle rejette le m\u00e9prisable \u00e9clectisme qui domine maintenant les rangs de la bureaucratie ouvri\u00e8re officielle des diff\u00e9rents camps et qui sert tr\u00e8s souvent de masque \u00e0 sa capitulation devant la d\u00e9mocratie bourgeoise. Notre programme est formul\u00e9 dans une s\u00e9rie de documents accessibles \u00e0 tout un chacun. On peut en r\u00e9sumer la substance en deux mots : dictature du prol\u00e9tariat<\/quote>\n<\/div>\n","protected":false},"excerpt":{"rendered":"<p>Pr\u00e9sentation du Collectif R\u00e9volution Permanente (intervention \u00e0 la conf\u00e9rence de l\u2019OTI, 31 octobre 2022) Le Collectif R\u00e9volution permanente est une petite coalition internationale de groupes en Autriche, dans l\u2019\u00c9tat espagnol,&#8230; <a href=\"https:\/\/www.revolucionpermanente.com\/francais\/presentation-du-collectif-revolution-permanente-intervention-a-la-conference-de-loti-31-octobre-2022\/\">Read more &raquo;<\/a><\/p>\n","protected":false},"author":1,"featured_media":0,"parent":0,"menu_order":0,"comment_status":"closed","ping_status":"closed","template":"","meta":{"footnotes":""},"class_list":["post-858","page","type-page","status-publish","hentry"],"_links":{"self":[{"href":"https:\/\/www.revolucionpermanente.com\/francais\/wp-json\/wp\/v2\/pages\/858","targetHints":{"allow":["GET"]}}],"collection":[{"href":"https:\/\/www.revolucionpermanente.com\/francais\/wp-json\/wp\/v2\/pages"}],"about":[{"href":"https:\/\/www.revolucionpermanente.com\/francais\/wp-json\/wp\/v2\/types\/page"}],"author":[{"embeddable":true,"href":"https:\/\/www.revolucionpermanente.com\/francais\/wp-json\/wp\/v2\/users\/1"}],"replies":[{"embeddable":true,"href":"https:\/\/www.revolucionpermanente.com\/francais\/wp-json\/wp\/v2\/comments?post=858"}],"version-history":[{"count":1,"href":"https:\/\/www.revolucionpermanente.com\/francais\/wp-json\/wp\/v2\/pages\/858\/revisions"}],"predecessor-version":[{"id":859,"href":"https:\/\/www.revolucionpermanente.com\/francais\/wp-json\/wp\/v2\/pages\/858\/revisions\/859"}],"wp:attachment":[{"href":"https:\/\/www.revolucionpermanente.com\/francais\/wp-json\/wp\/v2\/media?parent=858"}],"curies":[{"name":"wp","href":"https:\/\/api.w.org\/{rel}","templated":true}]}}