{"id":331,"date":"2014-11-01T16:45:52","date_gmt":"2014-11-01T16:45:52","guid":{"rendered":"http:\/\/www.revolucionpermanente.com\/francais\/?page_id=331"},"modified":"2024-03-12T12:46:16","modified_gmt":"2024-03-12T11:46:16","slug":"debats","status":"publish","type":"page","link":"https:\/\/www.revolucionpermanente.com\/francais\/debats\/","title":{"rendered":"D\u00e9bats"},"content":{"rendered":"<h3>Tentative de d\u00e9claration commune sur la Palestine avec la L5I et l&rsquo;OTI, d\u00e9cembre 2023<\/h3>\n<ul>\n<li><a href=\"https:\/\/www.revolucionpermanente.com\/francais\/commentaire-du-corep-sur-le-projet-de-declaration-commune-sur-la-palestine-31-decembre-2023\/\">Commentaire du CoReP, 31 d\u00e9cembre<\/a><\/li>\n<li><a href=\"https:\/\/www.revolucionpermanente.com\/francais\/amendements-du-corep-au-projet-de-declaration-commune-sur-la-palestine-soumis-par-la-l5i-et-loti-19-decembre-2023\/\">Amendements du CoReP, 19 d\u00e9cembre<\/a><\/li>\n<li><a href=\"https:\/\/www.revolucionpermanente.com\/francais\/projet-de-declaration-commune-sur-la-palestine-soumis-par-la-l5i-et-loti-7-decembre-2023\/\">Projet de l&rsquo;OTI et de la L5I, 7 d\u00e9cembre<\/a><\/li>\n<\/ul>\n<h3>Rencontre internationale de Milan, 2023<\/h3>\n<ul>\n<li><a href=\"https:\/\/www.revolucionpermanente.com\/francais\/2023\/07\/16\/intervention-de-la-representante-du-corep-a-la-rencontre-internationale-de-milan-ii\/\">Intervention de la repr\u00e9sentante du CoReP \u00e0 la rencontre internationale de Milan (II), 16 juillet 2023<\/a><\/li>\n<li><a href=\"https:\/\/www.revolucionpermanente.com\/francais\/2023\/07\/15\/intervention-de-la-representante-du-corep-a-la-rencontre-internationale-de-milan-i\/\">Intervention de la repr\u00e9sentante du CoReP \u00e0 la rencontre internationale de Milan (I), 15 juillet 2023<\/a><\/li>\n<li><a href=\"https:\/\/www.revolucionpermanente.com\/francais\/invitation-a-une-rencontre-des-forces-internationalistes\/\">Invitation \u00e0 une rencontre des forces internationalistes, 16 avril 2023<\/a><\/li>\n<li><a href=\"https:\/\/www.revolucionpermanente.com\/francais\/appel-pour-une-rencontre-des-forces-internationalistes\/\">Appel pour une rencontre des forces internationalistes, 22 janvier 2023<\/a><\/li>\n<\/ul>\n<h3>Discussion avec le PCL \/ Italie et l\u2019OTI, 2022<\/h3>\n<ul>\n<li><a href=\"https:\/\/www.revolucionpermanente.com\/francais\/conclusion-du-collectif-revolution-permanente\/\"> Conclusion du Collectif r\u00e9volution permanente, 31 octobre 2022<\/a><\/li>\n<li><a href=\"https:\/\/www.revolucionpermanente.com\/francais\/presentation-du-collectif-revolution-permanente-intervention-a-la-conference-de-loti-31-octobre-2022\/\">Pr\u00e9sentation du Collectif R\u00e9volution Permanente \u00e0 la conf\u00e9rence de l\u2019OTI, 31 octobre 2022<\/a><\/li>\n<li><a href=\"https:\/\/www.revolucionpermanente.com\/francais\/2022\/10\/29\/lettre-du-collectif-revolution-permanente-a-la-conference-de-loti\/\">Lettre du Collectif r\u00e9volution permanente \u00e0 la conf\u00e9rence de l\u2019OTI, 29 octobre 2022<\/a><\/li>\n<\/ul>\n<h3>Discussion avec le PRS-PCO \/ Argentine, 2007 &#8211; 2017<\/h3>\n<ul>\n<li><a style=\"text-decoration: none;\" href=\"https:\/\/www.revolucionpermanente.com\/francais\/vieux-ou-nouveau-le-reformisme-trahit\/\">lettre au PCO \/ Argentine et au Comit\u00e9 de liaison sur le r\u00e9formisme, 24 septembre 2017<\/a><\/li>\n<li><a style=\"text-decoration: none;\" href=\"https:\/\/www.revolucionpermanente.com\/francais\/a-propos-des-partis-ouvriers-bourgeois-et-du-vote-pour-le-ps\/\">lettre du PRS, 22 mai 2012<\/a><\/li>\n<li><a style=\"text-decoration: none;\" href=\"https:\/\/www.revolucionpermanente.com\/francais\/ne-pas-croire-que-ce-qui-a-fait-temps-pour-nous-a-fait-son-temps-pour-la-classe\/\">Lettre \u00e0 la LSI sur le vote en faveur des partis ouvriers-bourgeois, 30 ao\u00fbt 2008<\/a><\/li>\n<\/ul>\n<h3>Discussion entre le Collectif r\u00e9volution permanente et le COICOR, 2016-2017<\/h3>\n<ul>\n<li><a style=\"text-decoration: none;\" href=\"http:\/\/www.revolucionpermanente.com\/documents\/20170714CoRePaFT-VPFRA6.pdf\">lettre du CoReP, 14 juillet 2017<\/a><\/li>\n<li><a style=\"text-decoration: none;\" href=\"http:\/\/www.revolucionpermanente.com\/documents\/20170619LCTalCoRePFRA.pdf\">lettre de la LCT \/ Argentine, 19 juin 2017<\/a><\/li>\n<li><a style=\"text-decoration: none;\" href=\"http:\/\/www.revolucionpermanente.com\/documents\/20170618lettredelaFT-VPauCoRePFRA2.pdf\">lettre de la FT-VP \/ Br\u00e9sil, 18 juin 2017<\/a><\/li>\n<li><a style=\"text-decoration: none;\" href=\"http:\/\/www.revolucionpermanente.com\/documents\/20170425LettreduCoReP\u00e0laFT-VPFRA3.pdf\">lettre du CoReP, 25 avril 2017<\/a><\/li>\n<li><a style=\"text-decoration: none;\" href=\"http:\/\/www.revolucionpermanente.com\/documents\/20170424LettredelaFT-VPauCoRePFRA.pdf\">lettre de la FT-VP \/ Br\u00e9sil, 24 avril 2017<\/a><\/li>\n<li><a style=\"text-decoration: none;\" href=\"http:\/\/www.revolucionpermanente.com\/documents\/20170415CoRePAdresse1ermaiFRA7bis.pdf\">projet d&rsquo;adresse internationale du 1er mai, 15 avril 2017<\/a><\/li>\n<li><a style=\"text-decoration: none;\" href=\"http:\/\/www.revolucionpermanente.com\/documents\/20170302CoRePr\u00e9ponseauCOICORsurleprojetdeplateformeinternationaleFRA.pdf\">lettre du CoReP, 2 mars 2017<\/a><\/li>\n<li><a style=\"text-decoration: none;\" href=\"http:\/\/www.revolucionpermanente.com\/documents\/20170207projetdeplateformeinternationaleavecamendementsdubureauFRAIV.pdf\">projet de plateforme internationale (version IV), 7 f\u00e9vrier 2017<\/a><\/li>\n<li><a style=\"text-decoration: none;\" href=\"http:\/\/www.revolucionpermanente.com\/documents\/20160914-20161125LCTauCoRePFRA2.pdf\">lettres du COICOR, 14 septembre &#8211; 25 novembre 2016<\/a><\/li>\n<li><a style=\"text-decoration: none;\" href=\"http:\/\/www.revolucionpermanente.com\/documents\/20160801LettreduCoRePauCOICORFRA.pdf\">lettre du CoReP, 1 ao\u00fbt 2016<\/a><\/li>\n<li><a style=\"text-decoration: none;\" href=\"http:\/\/www.revolucionpermanente.com\/docmuments\/20151101ProjetdeplateformeinternationaleFRA6ter.pdf\">projet de plateforme internationale (version I), 1 novembre 2015<\/a><\/li>\n<\/ul>\n<h3>Discussion du Collectif r\u00e9volution permanente et de sa section fran\u00e7aise avec Voix des travailleurs (France)<\/h3>\n<ul>\n<li><a style=\"text-decoration: none;\" href=\"https:\/\/www.revolucionpermanente.com\/francais\/?page_id=347\">lettre du Collectif R\u00e9volution Permanente \u00e0 Voix des Travailleurs, 23 octobre 2014<\/a><\/li>\n<li><a style=\"text-decoration: none;\" href=\"https:\/\/www.revolucionpermanente.com\/francais\/?page_id=344\">lettre de VdT (France) au Collectif r\u00e9volution permanente, 22 ao\u00fbt 2014<\/a><\/li>\n<li><a style=\"text-decoration: none;\" href=\"https:\/\/www.revolucionpermanente.com\/francais\/?page_id=332\">lettre du Collectif r\u00e9volution permanente \u00e0 Voix des travailleurs, 11 ao\u00fbt 2014<\/a><\/li>\n<\/ul>\n","protected":false},"excerpt":{"rendered":"<p>Tentative de d\u00e9claration commune sur la Palestine avec la L5I et l&rsquo;OTI, d\u00e9cembre 2023 Commentaire du CoReP, 31 d\u00e9cembre Amendements du CoReP, 19 d\u00e9cembre Projet de l&rsquo;OTI et de la&#8230; <a href=\"https:\/\/www.revolucionpermanente.com\/francais\/debats\/\">Read more &raquo;<\/a><\/p>\n","protected":false},"author":1,"featured_media":0,"parent":0,"menu_order":0,"comment_status":"closed","ping_status":"closed","template":"","meta":{"footnotes":""},"class_list":["post-331","page","type-page","status-publish","hentry"],"_links":{"self":[{"href":"https:\/\/www.revolucionpermanente.com\/francais\/wp-json\/wp\/v2\/pages\/331","targetHints":{"allow":["GET"]}}],"collection":[{"href":"https:\/\/www.revolucionpermanente.com\/francais\/wp-json\/wp\/v2\/pages"}],"about":[{"href":"https:\/\/www.revolucionpermanente.com\/francais\/wp-json\/wp\/v2\/types\/page"}],"author":[{"embeddable":true,"href":"https:\/\/www.revolucionpermanente.com\/francais\/wp-json\/wp\/v2\/users\/1"}],"replies":[{"embeddable":true,"href":"https:\/\/www.revolucionpermanente.com\/francais\/wp-json\/wp\/v2\/comments?post=331"}],"version-history":[{"count":30,"href":"https:\/\/www.revolucionpermanente.com\/francais\/wp-json\/wp\/v2\/pages\/331\/revisions"}],"predecessor-version":[{"id":1036,"href":"https:\/\/www.revolucionpermanente.com\/francais\/wp-json\/wp\/v2\/pages\/331\/revisions\/1036"}],"wp:attachment":[{"href":"https:\/\/www.revolucionpermanente.com\/francais\/wp-json\/wp\/v2\/media?parent=331"}],"curies":[{"name":"wp","href":"https:\/\/api.w.org\/{rel}","templated":true}]}}