{"id":679,"date":"2024-03-14T18:32:15","date_gmt":"2024-03-14T17:32:15","guid":{"rendered":"https:\/\/www.revolucionpermanente.com\/espanol\/?page_id=679"},"modified":"2024-03-14T18:32:31","modified_gmt":"2024-03-14T17:32:31","slug":"presentacion-31-de-diciembre-de-2023","status":"publish","type":"page","link":"https:\/\/www.revolucionpermanente.com\/espanol\/presentacion-31-de-diciembre-de-2023\/","title":{"rendered":"Presentaci\u00f3n, 31 de diciembre de 2023"},"content":{"rendered":"\n<div id='corps_texte'>\n<ul><li>El 29 de octubre de 2023, el Colectivo Revoluci\u00f3n Permanente (CoReP) envi\u00f3 a la L5I y la OTI un proyecto de declaraci\u00f3n sobre Palestina que deb\u00eda servir de base para la discusi\u00f3n de un documento internacional conjunto. No recibimos ninguna respuesta.<\/li>\n<li>El 8 de diciembre de 2023, la direcci\u00f3n de la OTI nos envi\u00f3 un proyecto sobre Palestina, que hab\u00eda elaborado en colaboraci\u00f3n con la L5I y enviado para su firma a varias organizaciones, entre ellas el NPA-R en Francia, OKDE en Grecia y RS en la India. <\/li>\n<li>El 11 de diciembre respondimos que debatir\u00edamos las enmiendas propuestas a este documento en la reuni\u00f3n de nuestra Bur\u00f3 Internacional del 14 de diciembre. <\/li>\n<li>El 13 de diciembre, un representante de la OTI respondi\u00f3 que no deseaba cambios importantes y que s\u00f3lo se aceptar\u00edan enmiendas cuando fueran absolutamente necesarias. <\/li>\n<li>El 19 de diciembre, enviamos un correo electr\u00f3nico con nuestras propuestas de cambios en forma de adiciones, supresiones y modificaciones al borrador de la OTI-L5I. <\/li>\n<li>El 26 de diciembre, un camarada de la direcci\u00f3n de la L5I nos inform\u00f3 de que nuestras enmiendas cambiar\u00edan \u00abel car\u00e1cter general de la resoluci\u00f3n\u00bb, que deber\u00eda ser \u00abuna respuesta a la situaci\u00f3n actual\u00bb y no entrar en demasiados \u00abdetalles hist\u00f3ricos\u00bb. Adem\u00e1s, \u00abalgunas\u00bb requerir\u00edan \u00abm\u00e1s debate\u00bb.<\/li><\/ul>\n\nEl ultim\u00e1tum de la L5I y la OTI es ajeno a los m\u00e9todos del Partido Bolchevique y de la IV Internacional. La negativa a cualquier discusi\u00f3n seria es tanto m\u00e1s lamentable cuanto que el proyecto conjunto del L5I y la OTI es a menudo insuficiente, a veces err\u00f3neo.<br><br>\n\n<ol><li>No habla de la lucha de clases, antes del final, y cuando lo hace es de forma confusa (v\u00e9anse 5 y 6 infra).<\/li>\n<li>No habla de la acusaci\u00f3n de antisemitismo contra los antisionistas, por parte de los sionistas y de los Estados imperialistas occidentales, que es de hecho una caracter\u00edstica de \u201cla situaci\u00f3n actual\u201d.<\/li>\n<li>Los Acuerdos de Oslo se presentan err\u00f3neamente como resultado de la Intifada.<\/li>\n<li>No hay explicaci\u00f3n para el ascenso del islamismo entre la poblaci\u00f3n palestina, aunque sea una caracter\u00edstica de \u201cla situaci\u00f3n actual\u201d.<\/li>\n<li>En el \u201cprograma de acci\u00f3n\u201d est\u00e1 \u201cla unidad revolucionaria del pueblo \u00e1rabe\u201d que no tiene nada que ver con el programa de los comunistas: a) que es una concesi\u00f3n al nacionalismo \u00e1rabe burgu\u00e9s, b) que no tiene en cuenta el papel central del proletariado de Turqu\u00eda e Ir\u00e1n, c) que descuida la opresi\u00f3n nacional de los kurdos, bereberes, etc., por parte de los estados \u00ab\u00e1rabes\u00bb burgueses.<\/li>\n<li>Todas las acciones de \u00absolidaridad\u00bb se ponen al mismo nivel, en contra de la tradici\u00f3n de la Internacional Comunista y de la IV Internacional, hasta el punto de respaldar las campa\u00f1as de los disc\u00edpulos de Gandhi que van desde el rechazo del consumo peque\u00f1oburgu\u00e9s hacia los productos importados de Israel hasta la reaccionaria y contraproducente ruptura de las relaciones culturales, deportivas y acad\u00e9micas con toda la poblaci\u00f3n de Israel.<\/li>\n<\/ol>\n\nFrente a ello hay que oponer la lucha de clases, de acuerdo con el llamamiento de los sindicatos palestinos.<br><br>\n\n<quote class=\"citations\">Hacemos un llamamiento a los sindicatos de los sectores afectados a que se nieguen a fabricar armas destinadas a Israel, a que se nieguen a transportar armas a Israel, a que adopten mociones en su sindicato a tal efecto y a que adopten medidas contra las empresas c\u00f3mplices implicadas en la aplicaci\u00f3n del brutal e ilegal asedio de Israel, que presionen a los gobiernos para que pongan fin a todo comercio militar con Israel y, en el caso de Estados Unidos, a su financiaci\u00f3n. (17 de octubre. <a href=\"https:\/\/www.workersinpalestine.org\/\">https:\/\/www.workersinpalestine.org\/<\/a>)<\/quote><br><br>\n\nAs\u00ed, actuar\u00edamos en l\u00ednea con la IV Internacional durante la vida de Trotsky.<br><br>\n\n<quote class=\"citations\">La IV Internacional, al mismo tiempo que se esfuerza por organizar la solidaridad en todos los terrenos, proclama desde los inicios que la mejor ayuda eficaz que pueden aportar los obreros de todo el mundo a sus hermanos de Espa\u00f1a es la acci\u00f3n directa, organizada particularmente por los sindicatos de las industrias de guerra, transportes, puertos, en el boicot a los env\u00edos a los fascistas y en la huelga general para derrocar a los gobiernos del bloqueo (Conferencia Fundacional de la IV Internacional, Llamamiento a favor de la clase obrera espa\u00f1ola, septiembre de 1938. <a href=\"http:\/\/grupgerminal.org\/?q=system\/files\/1938.09.03.programaanexos_0.pdf\">http:\/\/grupgerminal.org\/?q=system\/files\/1938.09.03.programaanexos_0.pdf<\/a> , pg 339)<\/quote><br><br>\n\n\n\u00bfDe qu\u00e9 sirve una declaraci\u00f3n internacional firmada por organizaciones que se dicen comunistas si no ilustra a la vanguardia en Palestina y al resto del mundo sobre todas estas cuestiones?<br><br>\n\nA continuaci\u00f3n, publicamos la resoluci\u00f3n con nuestros cambios, sin resaltarlos (para facilitar la lectura). Los interesados pueden descargar en nuestro web siti\u00f3 el borrador inicial de L5I\/OTI y nuestra respuesta con los cambios marcados en color, para que puedan evaluar por s\u00ed mismos las diferencias.<br><br>\n\n<center>Bur\u00f3 Internacional del CoReP<\/center>\n<\/div>\n","protected":false},"excerpt":{"rendered":"<p>El 29 de octubre de 2023, el Colectivo Revoluci\u00f3n Permanente (CoReP) envi\u00f3 a la L5I y la OTI un proyecto de declaraci\u00f3n sobre Palestina que deb\u00eda servir de base para&#8230; <a href=\"https:\/\/www.revolucionpermanente.com\/espanol\/presentacion-31-de-diciembre-de-2023\/\">Leer m\u00e1s &raquo;<\/a><\/p>\n","protected":false},"author":1,"featured_media":0,"parent":0,"menu_order":0,"comment_status":"closed","ping_status":"closed","template":"","meta":{"footnotes":""},"class_list":["post-679","page","type-page","status-publish","hentry"],"_links":{"self":[{"href":"https:\/\/www.revolucionpermanente.com\/espanol\/wp-json\/wp\/v2\/pages\/679","targetHints":{"allow":["GET"]}}],"collection":[{"href":"https:\/\/www.revolucionpermanente.com\/espanol\/wp-json\/wp\/v2\/pages"}],"about":[{"href":"https:\/\/www.revolucionpermanente.com\/espanol\/wp-json\/wp\/v2\/types\/page"}],"author":[{"embeddable":true,"href":"https:\/\/www.revolucionpermanente.com\/espanol\/wp-json\/wp\/v2\/users\/1"}],"replies":[{"embeddable":true,"href":"https:\/\/www.revolucionpermanente.com\/espanol\/wp-json\/wp\/v2\/comments?post=679"}],"version-history":[{"count":2,"href":"https:\/\/www.revolucionpermanente.com\/espanol\/wp-json\/wp\/v2\/pages\/679\/revisions"}],"predecessor-version":[{"id":681,"href":"https:\/\/www.revolucionpermanente.com\/espanol\/wp-json\/wp\/v2\/pages\/679\/revisions\/681"}],"wp:attachment":[{"href":"https:\/\/www.revolucionpermanente.com\/espanol\/wp-json\/wp\/v2\/media?parent=679"}],"curies":[{"name":"wp","href":"https:\/\/api.w.org\/{rel}","templated":true}]}}