{"id":671,"date":"2023-12-07T12:00:00","date_gmt":"2023-12-07T11:00:00","guid":{"rendered":"https:\/\/www.revolucionpermanente.com\/espanol\/?page_id=671"},"modified":"2024-03-14T18:07:34","modified_gmt":"2024-03-14T17:07:34","slug":"proyecto-de-declaracion-conjunta-sobre-palestina","status":"publish","type":"page","link":"https:\/\/www.revolucionpermanente.com\/espanol\/proyecto-de-declaracion-conjunta-sobre-palestina\/","title":{"rendered":"Proyecto de Declaraci\u00f3n conjunta sobre Palestina"},"content":{"rendered":"\n<div id='corps_texte'>\n<b>[presentado en ingl\u00e8s a la discusi\u00f3n del CoReP por la OTI y la L5I el 7 de diciembre de 2023, traducci\u00f3n por IKC\/Estado espa\u00f1ol]<\/b><br><br>\n\n<em>La Oposici\u00f3n Trotskista Internacional (OTI), la Liga por la Quinta Internacional (LFI), el Colectivo de Revoluci\u00f3n Permanente (CoReP), el Partido Revolucionario de los Trabajadores (PRT) de Rusia y&#8230; estando de acuerdo en relaci\u00f3n a las perspectivas revolucionarias para Palestina, han adoptado esta declaraci\u00f3n conjunta.<\/em><br><br>\n\nLa constante opresi\u00f3n, expulsi\u00f3n y asesinato de palestinos en Israel, Cisjordania y Gaza han vuelto a atraer la atenci\u00f3n del mundo debido al contraataque de Ham\u00e1s y otros combatientes de la resistencia palestina el pasado 7 de octubre y a la brutal respuesta de Israel contra el conjunto de la poblaci\u00f3n de Gaza, mayor que sus ataques anteriores en esta regi\u00f3n. Esto ha indignado y movilizado a millones de personas en todo el mundo contra el estado sionista y contra el apoyo incondicional que ha recibido de sus partidarios imperialistas y racistas.<br><br>\n\nEs el deber urgente de todos los revolucionarios brindar el m\u00e1ximo apoyo a este movimiento mundial, presentando al mismo tiempo una perspectiva revolucionaria anticapitalista clara para su desarrollo. Con este fin, presentamos la siguiente declaraci\u00f3n y hacemos un llamado a todos los que comparten nuestras opiniones sobre la situaci\u00f3n a que se unan a nosotros en este esfuerzo.<br><br>\n\n<h3>Sionismo e imperialismo<\/h3>\n\nDesde su creaci\u00f3n, el sionismo ha sido un proyecto de colonizaci\u00f3n. Su objetivo es expulsar a la poblaci\u00f3n \u00e1rabe aut\u00f3ctona de Palestina para dar paso a los colonos jud\u00edos. Antes de que el Holocausto asesinara a seis millones de jud\u00edos europeos y los tres millones restantes buscaran refugio desesperadamente, la idea de una colonia sionista en Palestina parec\u00eda descabellada. Debido al antisemitismo, a la mayor\u00eda de los jud\u00edos se les impidi\u00f3 emigrar a Estados Unidos y Europa Occidental. Las organizaciones sionistas llevaron a muchos de ellos a Palestina.<br><br>\n\nEn una de las mayores tragedias del siglo XX , un pueblo terriblemente oprimido, los jud\u00edos europeos, infligi\u00f3 una terrible opresi\u00f3n a otro pueblo oprimido, los \u00e1rabes palestinos. Durante la Nakba de 1948, los sionistas se apoderaron del 78% de la Palestina del Mandato y la proclamaron Israel. Las milicias sionistas y el ej\u00e9rcito israel\u00ed expulsaron a 750.000 palestinos y miles m\u00e1s huyeron. La Nakba redujo la poblaci\u00f3n \u00e1rabe en el territorio reclamado por Israel de 1.324.000 en 1947 a 156.000 en 1948.<br><br>\n\nLos imperialismos estadounidense y europeo, aliados de Israel, tienen dos intereses principales en Oriente Medio: su posici\u00f3n estrat\u00e9gica en el cruce de Asia, Europa y \u00c1frica, as\u00ed como su petr\u00f3leo y gas. Durante m\u00e1s de un siglo, han intentado dominar la regi\u00f3n ejerciendo la violencia y enfrentando a las poblaciones entre s\u00ed.<br><br>\n\nDurante las d\u00e9cadas de 1950 y 1960, Estados Unidos suplant\u00f3 a Gran Breta\u00f1a y Francia como potencia imperialista dominante en la regi\u00f3n, que se convirtieron en socios de segundo nivel. Los tres promovieron monarcas y dictaduras militares desde Marruecos hasta Ir\u00e1n e consiguieron integrar con \u00e9xito a los gobiernos nacionalistas en su orden mundial neocolonial, como, por ejemplo, los de Argelia, Egipto, Siria e Irak.<br><br>\n\nIsrael demostr\u00f3 ser muy \u00fatil en la creaci\u00f3n del orden imperial neocolonial, especialmente despu\u00e9s de derrotar a Egipto, Siria y Jordania en la guerra \u00e1rabe-israel\u00ed de 1967. Estados Unidos envi\u00f3 miles de millones de d\u00f3lares en ayuda y armas para convertir a Israel en un polic\u00eda en el coraz\u00f3n del mundo \u00e1rabe. Israel tambi\u00e9n tiene una funci\u00f3n pol\u00edtica, en el sentido de que permite a Estados Unidos enmascarar sus operaciones militares y ayuda a los gobiernos \u00e1rabes reaccionarios y compradores a desviar la atenci\u00f3n de su propia mala gesti\u00f3n hacia un enemigo externo, Israel.<br><br>\n\n<h3>intifada<\/h3>\n\nEn la guerra de 1967, Israel captur\u00f3 Gaza, Cisjordania y los Altos del Gol\u00e1n, completando la ocupaci\u00f3n de Palestina desde el r\u00edo Jord\u00e1n hasta el mar Mediterr\u00e1neo. Tambi\u00e9n ocup\u00f3 la pen\u00ednsula egipcia del Sina\u00ed. En la guerra de 1973, Egipto y Siria lucharon contra Israel hasta el final. Egipto recuper\u00f3 el Sina\u00ed y, en 1979, reconoci\u00f3 a Israel.<br><br>\n\nDesde entonces, ha surgido un patr\u00f3n de funcionamiento : Israel, apoyado por Estados Unidos y sus aliados europeos, ocupa Palestina; los estados \u00e1rabes protestan pero no hacen nada; y los palestinos se levantan peri\u00f3dicamente para desafiar su marginaci\u00f3n.<br><br>\n\nLa primera Intifada de 1987 a 1993 result\u00f3 en los Acuerdos de Oslo, que crearon la Autoridad Nacional Palestina (ANP) responsable de administrar Cisjordania y la Franja de Gaza. Los acuerdos implicaban una soluci\u00f3n de dos Estados al conflicto \u00e1rabe-israel\u00ed en Palestina, pero Israel nunca acept\u00f3 esa soluci\u00f3n, ni una partici\u00f3n que los palestinos pudieran aceptar.<br><br>\n\nLa segunda Intifada de 2000 a 2005 oblig\u00f3 a Israel a \u201cretirarse\u201d de Gaza retirando sus tropas y desmantelando los asentamientos israel\u00edes all\u00ed. Fatah, con sede en Cisjordania, y Ham\u00e1s, con sede en Gaza, se enfrentaron en las elecciones legislativas palestinas de 2006. Ham\u00e1s obtuvo la mayor\u00eda de votos, lo que llev\u00f3 a Fatah a separarse de la ANP. Despu\u00e9s de una breve guerra civil, Fatah consolid\u00f3 su posici\u00f3n en Cisjordania y Ham\u00e1s tom\u00f3 el control de Gaza.<br><br>\n\n<h3>La expansi\u00f3n israel\u00ed<\/h3>\n\nIsrael oprime a los palestinos en las tres \u00e1reas de su r\u00e9gimen de ocupaci\u00f3n de apartheid: Cisjordania, Gaza y el propio Israel.<br><br>\n\nDesde 2007, Israel ha continuado su expansi\u00f3n en Cisjordania y los Altos del Gol\u00e1n. 450.000 colonos israel\u00edes se han asentado en Cisjordania, excluyendo Jerusal\u00e9n Este, 220.000 en Jerusal\u00e9n Este y 25.000 en los Altos del Gol\u00e1n. Los colonos forman una fuerza paramilitar armada. Con el apoyo del ej\u00e9rcito israel\u00ed y la polic\u00eda de la ANP, aterrorizan a sus vecinos palestinos y roban sus tierras.<br><br>\n\nIsrael no tiene colonos en Gaza, pero controla el espacio a\u00e9reo del territorio, su costa mar\u00edtima y seis de sus siete puntos de cruce terrestre. Israel controla los suministros de agua, electricidad y telecomunicaciones de Gaza. El ej\u00e9rcito israel\u00ed mantiene una zona de exclusi\u00f3n dentro de Gaza y entra en el territorio a voluntad. Israel lanz\u00f3 importantes guerras en Gaza en 2008-2009 y 2014, y atac\u00f3 a manifestantes no violentos durante la Gran Marcha del Retorno de 2018-2019.<br><br>\n\nIsrael afirma ser una democracia, pero niega los derechos democr\u00e1ticos no s\u00f3lo a los 5,5 millones de palestinos que viven en Cisjordania y Gaza y a un n\u00famero equivalente que vive como refugiados fuera de Palestina, sino tambi\u00e9n a los 2,1 millones de palestinos que viven en Israel. Un jud\u00edo que viva en cualquier parte del mundo puede establecerse en Israel y convertirse en ciudadano de pleno derecho. Un palestino cuya familia ha vivido en Palestina desde antes de que existiera Israel nunca podr\u00e1 convertirse en ciudadano de pleno derecho. Los palestinos son sistem\u00e1ticamente discriminados, excluidos econ\u00f3mica y pol\u00edticamente y tratados como enemigos.<br><br>\n\n<h3>7 de octubre<\/h3>\n\nDesde los Acuerdos de Camp David en 1978, Estados Unidos ha intentado que los gobiernos de los estados \u00e1rabes normalicen las relaciones con Israel, a pesar de su trato a los palestinos y el odio que despierta entre el pueblo \u00e1rabe. En 2020, Estados Unidos negoci\u00f3 acuerdos que normalizaron las relaciones de Israel con Bahr\u00e9in, Marruecos, Sud\u00e1n y los Emiratos \u00c1rabes Unidos. Arabia Saudita ha iniciado conversaciones en esta direcci\u00f3n.<br><br>\n\nEl ataque del 7 de octubre hizo estallar los planes israel\u00edes e imperialistas. Despu\u00e9s de un a\u00f1o de cuidadosa preparaci\u00f3n, pasada por alto por las fuerzas de seguridad israel\u00edes, los combatientes palestinos liderados por Hamas atravesaron las defensas fronterizas de Israel y atacaron docenas de objetivos militares, as\u00ed como algunos objetivos civiles. Tomaron cientos de rehenes antes de verse obligados a cruzar la frontera nuevamente.<br><br>\n\nLos malos tratos, la tortura y el asesinato de civiles desarmados menores de edad militar deben condenarse inequ\u00edvocamente, aun cuando reconocemos que esto fue, en parte, expresi\u00f3n de la c\u00f3lera palestina ante las masacres y el despojo de su pueblo por parte de Israel. Eso le hizo el juego a la maquinaria de propaganda sionista que deshumaniza a los palestinos y \u201cjustifica\u201d sus propios cr\u00edmenes de guerra, m\u00e1s masivos que los de Ham\u00e1s u otras fuerzas de resistencia. Pero la mayor parte de la operaci\u00f3n, incluida la toma de rehenes, fue militarmente leg\u00edtima.<br><br>\n\nEl ataque puso fin al proceso de \u00abnormalizaci\u00f3n\u00bb de las relaciones de Israel con los Estados \u00e1rabes y musulmanes, patrocinado por Estados Unidos, expuso la guerra colonial subyacente de Israel contra el pueblo palestino y coloc\u00f3 a Palestina en la agenda mundial.<br><br>\n\nEn las semanas siguientes, Israel lanz\u00f3 una guerra genocida contra Gaza. El ej\u00e9rcito israel\u00ed bombardea viviendas, hospitales, escuelas y centros comunitarios, causando muchas m\u00e1s v\u00edctimas que el ataque del 7 de octubre. La mitad de las v\u00edctimas son ni\u00f1os, una proporci\u00f3n mucho mayor que la del ataque del 7 de octubre. El ej\u00e9rcito israel\u00ed acord\u00f3 un breve alto el fuego para intercambiar prisioneros y ahora ha reanudado su ataque genocida, empujando a los 2,3 millones de residentes a un rinc\u00f3n cada vez m\u00e1s reducido de la Franja de Gaza, amenazando con \u00abuna nueva Nakba\u00bb.<br><br>\n\n<h3>Solidaridad<\/h3>\n\nLa audacia de la resistencia palestina y la ferocidad del contraataque israel\u00ed han reavivado el movimiento de solidaridad con Palestina en todo el mundo. Se han producido enormes protestas en todo el mundo \u00e1rabe, pero tambi\u00e9n en Europa, Estados Unidos y otros lugares. El movimiento de solidaridad hab\u00eda quedado adormecido por el lento estrangulamiento de Palestina y la normalizaci\u00f3n de las relaciones diplom\u00e1ticas entre Israel y otros cuatro estados \u00e1rabes. El 7 de octubre trajo nueva vida al movimiento.<br><br>\n\nLos marxistas revolucionarios deben participar en acciones solidarias de todo tipo. Un alto el fuego en Gaza y la retirada de las Fuerzas de Defensa de Israel (FDI) para poner fin al genocidio es la prioridad m\u00e1s urgente, pero el movimiento de solidaridad tambi\u00e9n deber\u00eda exigir ayuda humanitaria para Gaza, freno a los colonos israel\u00edes en Cisjordania, protecci\u00f3n de los derechos de \u00e1rabes israel\u00edes y jud\u00edos antisionistas en Israel, el derecho de retorno de los refugiados y el corte de los v\u00ednculos militares con Israel.<br><br>\n\nLas acciones en curso ya incluyen protestas, desobediencia civil, eventos p\u00fablicos, exposici\u00f3n a los medios y campa\u00f1as de boicot, desinversi\u00f3n y sanciones (BDS) contra Israel. Los sindicatos y otras organizaciones aprueban resoluciones pidiendo un alto el fuego y cortar la ayuda militar. En algunos lugares, los trabajadores est\u00e1n respondiendo al llamado de la Federaci\u00f3n General Palestina de Sindicatos (PGFTU) para detener la producci\u00f3n y el env\u00edo de armas a Israel.<br><br>\n\n<h3>Perspectiva<\/h3>\n\nSi bien los marxistas revolucionarios deben participar en acciones de solidaridad siempre que puedan, nuestro papel particular es promover la comprensi\u00f3n de la crisis y su soluci\u00f3n por parte de la clase trabajadora.<br><br>\n\nEsto comienza por decir la verdad. Un alto el fuego en Gaza es necesario pero no suficiente, ya que los sionistas continuar\u00e1n su campa\u00f1a para expulsar a los no jud\u00edos de Palestina. Un acuerdo negociado es imposible, porque Israel no ceder\u00e1 suficiente tierra para un Estado palestino viable y no renunciar\u00e1 a la supremac\u00eda jud\u00eda por una democracia secular en un Estado binacional. Los imperialismos estadounidense y europeo no obligar\u00e1n a Israel a aceptar una soluci\u00f3n de dos Estados o de un Estado, porque necesitan que Israel les ayude a dominar la regi\u00f3n.<br><br>\n\nEl capitalismo no tiene soluci\u00f3n para Palestina. Las alternativas son o bien la masacre y el despojo de los palestinos o bien la intervenci\u00f3n de la clase trabajadora en la historia.<br><br>\n\nLos trabajadores en Israel podr\u00edan bloquear a la sociedad israel\u00ed, dividir al ej\u00e9rcito e impedir que los sionistas utilicen sus armas nucleares. Pero por ahora, la gran mayor\u00eda de la clase trabajadora israel\u00ed est\u00e1 comprometida con el sionismo y cree que la explotaci\u00f3n con supremac\u00eda jud\u00eda es preferible a la explotaci\u00f3n sin supremac\u00eda jud\u00eda, una vieja historia en los estados colonos. S\u00f3lo la perspectiva de una Palestina democr\u00e1tica, laica y socialista podr\u00eda darles una raz\u00f3n para romper con sus amos.<br><br>\n\nLos trabajadores de Estados Unidos y Europa podr\u00edan privar a Israel del apoyo econ\u00f3mico y militar que necesita para continuar con sus pol\u00edticas genocidas. La simpat\u00eda por los palestinos est\u00e1 creciendo, mientras resisten y sufren. Podr\u00eda alcanzar el nivel de oposici\u00f3n a la guerra de Vietnam a finales de los a\u00f1os 1960, lo que har\u00eda imposible continuar la guerra. Los marxistas revolucionarios y otros activistas comprometidos con el movimiento de solidaridad con Palestina (incluidos decenas de miles de jud\u00edos antisionistas y decenas de miles de sindicalistas) deben hacer todo lo que est\u00e9 a su alcance para que esto suceda.<br><br>\n\nLos trabajadores de los pa\u00edses \u00e1rabes podr\u00edan derrocar a sus gobiernos colaboracionistas, obligar a los imperialistas estadounidenses y europeos a abandonar Israel y ofrecer a la clase trabajadora israel\u00ed la perspectiva de un futuro secular y democr\u00e1tico, libre de la dominaci\u00f3n capitalista y de la guerra sin fin. La Primavera \u00c1rabe mostr\u00f3 este potencial.<br><br>\n\nNo podemos saber c\u00f3mo terminar\u00e1 la injusticia de la dominaci\u00f3n sionista de Palestina, o incluso si terminar\u00e1 antes de que el capitalismo sumerja al mundo en un desastre ecol\u00f3gico o una guerra nuclear. Lo que podemos hacer es proponer y luchar por un programa de acci\u00f3n, que comience con demandas inmediatas y conduzca a la \u00fanica soluci\u00f3n real: la revoluci\u00f3n obrera en toda la regi\u00f3n. Aqu\u00ed est\u00e1 nuestra propuesta.<br><br>\n\n<ul><li>Detengamos el ataque genocida contra Gaza. Alto el fuego inmediato. Retirada de las tropas israel\u00edes. Fin del bloqueo. Apertura de puntos de paso.<\/li>\n<li>Reconstrucci\u00f3n de las casas, hospitales, escuelas, universidades e infraestructuras devastadas de Gaza a expensas de Israel y sus financiadores imperialistas.<\/li>\n<li>Fin de la ocupaci\u00f3n sionista de Cisjordania. Retirada del ej\u00e9rcito israel\u00ed. Expulsi\u00f3n de colonos.<\/li>\n<li>Liberaci\u00f3n de todos los prisioneros palestinos en c\u00e1rceles israel\u00edes. Plena igualdad de los palestinos en el Estado de Israel.<\/li>\n<li>Detener la ayuda y los env\u00edos de armas de Estados Unidos y otros imperialistas a Israel. Apoyo al boicot, desinversi\u00f3n y sanciones (BDS) contra Israel.<\/li>\n<li>Solidaridad con el pueblo palestino y \u00e1rabe. No hay paz posible con el sionismo y el imperialismo.<\/li>\n<li>Por la destrucci\u00f3n revolucionaria del Estado sionista. Por una Palestina laica, democr\u00e1tica y socialista desde el r\u00edo hasta el mar.<\/li>\n<li>Por el derecho al retorno de todos los refugiados palestinos. Igualdad de derechos entre la mayor\u00eda \u00e1rabe y la minor\u00eda jud\u00eda en Palestina.<\/li>\n<li>Abajo los capitalistas, los terratenientes, las monarqu\u00edas y los estados \u00e1rabes, agentes del imperialismo. Por la unidad revolucionaria del pueblo \u00e1rabe.<\/li>\n<li>Por una revoluci\u00f3n proletaria en Oriente Medio y el Norte de \u00c1frica. Por una federaci\u00f3n socialista de la regi\u00f3n.<\/li><\/ul>\n<\/div>\n","protected":false},"excerpt":{"rendered":"<p>[presentado en ingl\u00e8s a la discusi\u00f3n del CoReP por la OTI y la L5I el 7 de diciembre de 2023, traducci\u00f3n por IKC\/Estado espa\u00f1ol] La Oposici\u00f3n Trotskista Internacional (OTI), la&#8230; <a href=\"https:\/\/www.revolucionpermanente.com\/espanol\/proyecto-de-declaracion-conjunta-sobre-palestina\/\">Leer m\u00e1s &raquo;<\/a><\/p>\n","protected":false},"author":1,"featured_media":0,"parent":0,"menu_order":0,"comment_status":"closed","ping_status":"closed","template":"","meta":{"footnotes":""},"class_list":["post-671","page","type-page","status-publish","hentry"],"_links":{"self":[{"href":"https:\/\/www.revolucionpermanente.com\/espanol\/wp-json\/wp\/v2\/pages\/671","targetHints":{"allow":["GET"]}}],"collection":[{"href":"https:\/\/www.revolucionpermanente.com\/espanol\/wp-json\/wp\/v2\/pages"}],"about":[{"href":"https:\/\/www.revolucionpermanente.com\/espanol\/wp-json\/wp\/v2\/types\/page"}],"author":[{"embeddable":true,"href":"https:\/\/www.revolucionpermanente.com\/espanol\/wp-json\/wp\/v2\/users\/1"}],"replies":[{"embeddable":true,"href":"https:\/\/www.revolucionpermanente.com\/espanol\/wp-json\/wp\/v2\/comments?post=671"}],"version-history":[{"count":1,"href":"https:\/\/www.revolucionpermanente.com\/espanol\/wp-json\/wp\/v2\/pages\/671\/revisions"}],"predecessor-version":[{"id":672,"href":"https:\/\/www.revolucionpermanente.com\/espanol\/wp-json\/wp\/v2\/pages\/671\/revisions\/672"}],"wp:attachment":[{"href":"https:\/\/www.revolucionpermanente.com\/espanol\/wp-json\/wp\/v2\/media?parent=671"}],"curies":[{"name":"wp","href":"https:\/\/api.w.org\/{rel}","templated":true}]}}