{"id":145,"date":"2005-06-10T12:00:46","date_gmt":"2005-06-10T12:00:46","guid":{"rendered":"http:\/\/www.revolucionpermanente.com\/espanol\/?page_id=145"},"modified":"2015-01-24T20:16:54","modified_gmt":"2015-01-24T20:16:54","slug":"per-la-revolucio-socialista-en-bolivia-tot-el-poder-a-lassemblea-popular-nacional-originaria-per-un-govern-obrer-i-camperol-de-la-direccio-de-lassemblea-popular","status":"publish","type":"page","link":"https:\/\/www.revolucionpermanente.com\/espanol\/per-la-revolucio-socialista-en-bolivia-tot-el-poder-a-lassemblea-popular-nacional-originaria-per-un-govern-obrer-i-camperol-de-la-direccio-de-lassemblea-popular\/","title":{"rendered":"Per la Revoluci\u00f3 Socialista en Bol\u00edvia: Tot el poder a l&#8217;Assemblea Popular Nacional Origin\u00e0ria! Per un Govern Obrer i Camperol de la Direcci\u00f3 de l&#8217;Assemblea Popular!"},"content":{"rendered":"<p>El 8 de juny del 2005, novament tota l&#8217;experi\u00e8ncia de lluita i organitzaci\u00f3 de la classe obrera mundial, de les seues vict\u00f2ries i derrotes, dels seus esfor\u00e7os per constituir-se en classe conscient destinada a acabar amb el mode de producci\u00f3 capitalista, ha cristal\u00b7litzat en el naixement a Bol\u00edvia del primer organisme de poder sovi\u00e8tic del segle XXI.<\/p>\n<p>La revoluci\u00f3 prolet\u00e0ria boliviana viu una nova fase de desenvolupament al calor de la vaga general per la nacionalitzaci\u00f3 dels hidrocarburs, que t\u00e9 paralitzada i bloquejada la major part el pa\u00eds des que va ser iniciada per la Confederaci\u00f3 Obrera Regional \u2013 El Alto i la Federaci\u00f3 de Juntes Ve\u00efnals (FEJUVE) el 16 de maig.<!--more--><\/p>\n<p>Amb el president dimitit, l&#8217;edifici del Parlament bloquejat per centenars de milers d&#8217;obrers i camperols pobres, les masses controlen molts dels pous petroliers i gas\u00edfers, els gasoductes, les comunicacions terrestres. Res ha aconseguit detindre-les en el seu avan\u00e7 creixent. Cada moviment de la burgesia: aprovaci\u00f3 d&#8217;una llei bastarda d&#8217;Hidrocarburs que mantenia el poder de les transnacionals petrolieres; la convocat\u00f2ria d&#8217;Assemblea Constituent junt a un refer\u00e8ndum d&#8217;autonomia per a l&#8217;oligarquia petroliera i gran terratinent de Santa Cruz; la pr\u00f2pia dimissi\u00f3 del President Carlos Mesa; simplement les han enardit.<\/p>\n<p>Les masses bolivianes han assimilat l&#8217;experi\u00e8ncia de les immenses mobilitzacions d&#8217;octubre del 2003, que van derrocar S\u00e1nchez de Lozada per\u00f2 van deixar en el seu lloc al vice-president Carlos Mesa amb un govern bess\u00f3 de l&#8217;anterior. Avui, els obrers, els miners, els mestres, els estudiants, els milions de camperols pauperitzats ja es neguen a que a\u00e7\u00f2 torne a oc\u00f3rrer perqu\u00e8 la classe dominant recomponga el seu govern i el seu debilitat poder. I per a no permetre una nova estafa, estan abandonant al MAS d&#8217;Evo Morales, el partit de la petita burgesia del camp, adoptat per les classes mitjanes urbanes, que ha sigut el principal suport del govern de Mesa i s&#8217;ha oposat a la nacionalitzaci\u00f3 dels hidrocarburs. Ja no poden posar les seues esperances de canvi en cap Assemblea Constituent que li done nova forma a l&#8217;Estat burg\u00e9s. Ja no permeten que els dirigents de la COB, els Solares i companyia, pacten, negocien, malbaraten el seu enorme esfor\u00e7 revolucionari lliurant-los lligats de peus i mans a la burgesia descomposta lacaia de l&#8217;imperialisme ianqui, tal com ho han fet una i altra vegada des d&#8217;octubre del 2003.  Avui les masses volen el poder. I saben que no hi ha temps a perdre.<\/p>\n<p>En les assemblees de El Alto, la combativa ciutat nascuda a la vora de La Paz, en els barris pobres de la capital, en les mines d&#8217;Oruro i Potos\u00ed, en els camps de l&#8217;Altipl\u00e0, en el tr\u00f2pic cochabamb\u00ed, en els pous de petroli i en els latifundis de Santa Cruz, el moviment enlla\u00e7ava amb la pr\u00f2pia hist\u00f2ria revolucion\u00e0ria i exigia la formaci\u00f3 d&#8217;una Assemblea Popular que unifiqu\u00e9s les organitzacions en lluita: la COB, la Fejuve, els sindicats camperols, les organitzacions origin\u00e0ries camperoles.<\/p>\n<p>El dia 6 de Juny, en la Pla\u00e7a San Francisco de La Paz, un \u201cCabildo Obert\u201d de centenars de milers de persones que desbordaven aqueixa pla\u00e7a i totes les confrontants, va obligar els dirigents de la COB i la FEJUVE a anunciar la formaci\u00f3 immediata de l&#8217;Assemblea Popular, que ja no era possible postergar m\u00e9s. El dimecres 08, mentre la burgesia no sabia com sortir del comprom\u00eds i no podia ni tan sols convocar el seu Parlament per a substituir el President dimitit, es va conformar en L&#8217;Alt l&#8217;Assemblea Popular Nacional Origin\u00e0ria, que en la seua primera reuni\u00f3 ha resolt:<\/p>\n<ul>\n<li>\u201c1. Constituir a la CIUTAT DE EL ALTO com el QUARTER GENERAL DE LA REVOLUCI\u00d3 BOLIVIANA EN EL SEGLE XXI.<\/li>\n<li>2. Constituir una Direcci\u00f3 \u00danica de l&#8217;Assemblea Popular Nacional Origin\u00e0ria com a INSTRUMENT DE PODER al capdavant de la Federaci\u00f3 de Juntes Ve\u00efnals de El Alto (FEJUVE), la Central Obrera Regional de El Alto (COR), la Central Obrera Boliviana (COB), la Confederaci\u00f3 Sindical \u00danica de Treballadors Camperols de Bol\u00edvia (CSUTCB), la Confederaci\u00f3 Sindical de Treballadors Gremials Artesans, Comerciants Detallistes i &#8216;Vivanderos&#8217; de Bol\u00edvia, la Federaci\u00f3 Sindical de Treballadors Miners de Bol\u00edvia, la Federaci\u00f3 del Transport Interprovincial de La Paz i altres organitzacions socials mobilitzades en l&#8217;interior del pa\u00eds.<\/li>\n<li>3. Conformar Comit\u00e9s d&#8217;AUTOABASTIMENT, AUTODEFENSA, PREMSA i POL\u00cdTICA, amb la finalitat de garantir l&#8217;\u00e8xit de les organitzacions populars.<\/li>\n<li>4. Ratifiquem la nostra lluita inclaudicable per la NACIONALITZACI\u00d3 i INDUSTRIALITZACI\u00d3 DELS HIDROCARBURS.<\/li>\n<li>5. Instruir la conformaci\u00f3 d&#8217;Assemblees Populars departamentals sota la direcci\u00f3 de la COB, CODes i delegats de bases elegits en assemblees i cabildos.<\/li>\n<li>6. Rebutjar totes les maniobres de la classe dominant a trav\u00e9s de successi\u00f3 constitucional o eleccions entre els mateixos politiquers.\u201d <\/li>\n<\/ul>\n<p>Amb esta situaci\u00f3 de doble poder, es tracta d&#8217;un salt qualitatiu central en l&#8217;organitzaci\u00f3 de la classe obrera i el poble. D&#8217;una banda, s&#8217;est\u00e0 cridant a la formaci\u00f3 d&#8217;una atape\u00efda x\u00e0rxa d&#8217;organismes de front \u00fanic, de democr\u00e0cia prolet\u00e0ria, candidats a dirigir el pa\u00eds (soviets), que ha d&#8217;incorporar les m\u00e9s profundes masses a la direcci\u00f3, control i centralitzaci\u00f3 del moviment, condici\u00f3 necess\u00e0ria per a establir el poder dels treballadors de la ciutat i el camp que fa\u00e7a front i reemplace el poder burg\u00e9s, aix\u00ed com per a derrotar l&#8217;acci\u00f3 d&#8217;agents pol\u00edtics de la burgesia, bur\u00f2crates o elements atemorits davant de la perspectiva de l&#8217;assalt final. I, per l&#8217;altra banda, el naixement de l&#8217;Assemblea Popular Nacional Origin\u00e0ria, la seua pr\u00f2pia exist\u00e8ncia, eleva la classe obrera al capdavant de les masses oprimides, a la candidatura efectiva al poder pol\u00edtic.<\/p>\n<p>Perqu\u00e8 aquesta \u00e9s l&#8217;\u00fanica perspectiva possible que permet avui seguir avant a les masses bolivianes: la presa del poder. No hi ha  lloc per a mitges tintes ni avinences. De l&#8217;Estat burg\u00e9s queden en peu sobretot la Policia i les Forces Armades. I, a mesura que es desenvolupa la revoluci\u00f3, l&#8217;Ex\u00e8rcit \u2013 format per conscriptes camperols &#8211; ser\u00e0 menys fiable i m\u00e9s crebrantable. La burgesia boliviana pot estar dividida i confusa en aquests dies, per\u00f2 t\u00e9 als seus amos imperialistes, especialment als Estats Units, pensant per ella i defenent no sols la rapinya de les petrolieres, sin\u00f3 l&#8217;estabilitat de l&#8217;ordre burg\u00e9s en tota la regi\u00f3 llatinoamericana. Per aix\u00f2 els combats que s&#8217;apropen requereixen de la m\u00e0xima capacitat d&#8217;organitzaci\u00f3 pol\u00edtica i militar de les masses:<\/p>\n<p>\u00b7  Fer de l&#8217;Assemblea Popular Nacional Origin\u00e0ria l&#8217;organisme de poder que centralitze totes les assemblees de qualsevol part del pa\u00eds, per mitj\u00e0 de delegats elegits i revocables en aqueixes assemblees. Que l&#8217;Assemblea Popular pose davall el seu control tota la circulaci\u00f3 de mercaderies i el transport a nivell nacional. Que convoque els soldats a trencar amb l&#8217;autoritat dels seus oficials, formar els seus comit\u00e9s i unir-se als seus germans de classe enviant delegats a les assemblees.<\/p>\n<p>\u00b7  Organitzar i centralitzar amb urg\u00e8ncia els comit\u00e9s d&#8217;autodefensa de totes les assemblees, per a crear les Mil\u00edcies Obreres i Camperoles que preparen una Insurrecci\u00f3 per a derrotar la Policia i les FFAA de la burgesia. Aqueix \u00e9s l&#8217;\u00fanic cam\u00ed amb qu\u00e8 els treballadors compten per a establir el seu propi Estat.<\/p>\n<p>L&#8217;enfrontament decisiu no va a poder ser evitat. El proletariat ha de preparar-se per a ell. I aqueixa preparaci\u00f3, que exigeix el seu propi armament i el desarmament de l&#8217;enemic, ha d&#8217;incorporar necess\u00e0riament l&#8217;extensi\u00f3 de la revoluci\u00f3 a tot el continent. La Bol\u00edvia revolucion\u00e0ria nom\u00e9s podr\u00e0 fer front amb \u00e8xit la contrarevoluci\u00f3 comptant amb la solidaritat activa de tots els treballadors del m\u00f3n i dins d&#8217;una Llatinoam\u00e8rica revolucion\u00e0ria. \u00c9s una necessitat urgent i vital que l&#8217;avantguarda obrera assumisca la constituci\u00f3 d&#8217;un Partit revolucionari dels treballadors capa\u00e7 de dirigir la presa del poder, l&#8217;extensi\u00f3 de la revoluci\u00f3 a tot Llatinoam\u00e8rica i la lluita per la creaci\u00f3 d&#8217;una Internacional obrera revolucion\u00e0ria. En particular, aquesta avantguarda ha de lligar-se als altres proletariats d&#8217;Am\u00e8rica, inclosa Cuba, on les conquistes de la revoluci\u00f3 s\u00f3n posades en perill per la burocr\u00e0cia castrista, i als Estats Units, d&#8217;on poden provindre els colps de la contrarevoluci\u00f3 imperialista per\u00f2 on milions d&#8217;obrers i empleats llatins poden ajudar a l&#8217;articulaci\u00f3 internacionalista de tot el continent. Aqueix partit ha de rebutjar el \u201cfront popular\u201d o el \u201cfront \u00fanic antiimperialista\u201d que s\u00f3n el cam\u00ed de la derrota, ha de fer seu el balan\u00e7 de l&#8217;experi\u00e8ncia de les anteriors onades revolucion\u00e0ries a Bol\u00edvia i en tot el planeta, especialment l&#8217;experi\u00e8ncia de 1952 de subordinaci\u00f3 de la revoluci\u00f3 obrera a un demagog bonapartista i al nacionalisme burg\u00e9s (MNR), i l&#8217;experi\u00e8ncia de l&#8217;Assemblea Popular del 1970-71 que va demostrar que intentar eludir la presa del poder confiant en elements de la burgesia com a oficials de l&#8217;Ex\u00e8rcit i semblants, nom\u00e9s condueix a l\u2019aixafament militar del moviment revolucionari.<\/p>\n<p><b><\/p>\n<ul>\n<li>Per l&#8217;Assemblea Popular Nacional Origin\u00e0ria, el soviet d&#8217;obrers, camperols, soldats, treballadors de la ciutat i el camp!<\/li>\n<li>Per la constituci\u00f3 de Mil\u00edcies Obreres i Camperoles. Pel desarmament i dissoluci\u00f3 de la Policia i les Forces Armades de l&#8217;enemic!<\/li>\n<li>Nacionalitzaci\u00f3 dels hidrocarburs sense indemnitzaci\u00f3 i sota control obrer!<\/li>\n<li>Nacionalitzaci\u00f3 sense indemnitzaci\u00f3 de la mineria, de la banca, de la producci\u00f3 i distribuci\u00f3 de l&#8217;electricitat, de l&#8217;aigua, de les grans ind\u00fastries, dels latifundis\u2026!<\/li>\n<li>Per la creaci\u00f3 de comit\u00e9s internacionalistes de defensa  de la revoluci\u00f3 boliviana!<\/li>\n<li>Per un Govern Obrer i Camperol de la Direcci\u00f3 de l&#8217;Assemblea Popular Nacional Origin\u00e0ria!<\/li>\n<li>Per una Federaci\u00f3 de Rep\u00fabliques Socialistes d&#8217;Am\u00e8rica Llatina!<\/li>\n<li>Visca la Revoluci\u00f3 Boliviana! Visca la Revoluci\u00f3 Llatinoamericana! Visca la Revoluci\u00f3 Mundial!<\/li>\n<\/ul>\n<p><\/b><\/p>\n<p><center>10 de juny del 2005<br \/>\nA Par\u00eds, Cusco i Val\u00e8ncia,<br \/>\n<b>COL\u00b7LECTIU REVOLUCI\u00d3 PERMANENT<\/b><br \/>\nGroupe bolchevik (Fran\u00e7a), Lluita Marxista (Per\u00fa), Grup Germinal (Estat espanyol)<br \/>\n<\/center><\/p>\n","protected":false},"excerpt":{"rendered":"<p>El 8 de juny del 2005, novament tota l&#8217;experi\u00e8ncia de lluita i organitzaci\u00f3 de la classe obrera mundial, de les seues vict\u00f2ries i derrotes, dels seus esfor\u00e7os per constituir-se en&#8230; <a href=\"https:\/\/www.revolucionpermanente.com\/espanol\/per-la-revolucio-socialista-en-bolivia-tot-el-poder-a-lassemblea-popular-nacional-originaria-per-un-govern-obrer-i-camperol-de-la-direccio-de-lassemblea-popular\/\">Leer m\u00e1s &raquo;<\/a><\/p>\n","protected":false},"author":1,"featured_media":0,"parent":0,"menu_order":0,"comment_status":"closed","ping_status":"closed","template":"","meta":{"footnotes":""},"class_list":["post-145","page","type-page","status-publish","hentry"],"_links":{"self":[{"href":"https:\/\/www.revolucionpermanente.com\/espanol\/wp-json\/wp\/v2\/pages\/145","targetHints":{"allow":["GET"]}}],"collection":[{"href":"https:\/\/www.revolucionpermanente.com\/espanol\/wp-json\/wp\/v2\/pages"}],"about":[{"href":"https:\/\/www.revolucionpermanente.com\/espanol\/wp-json\/wp\/v2\/types\/page"}],"author":[{"embeddable":true,"href":"https:\/\/www.revolucionpermanente.com\/espanol\/wp-json\/wp\/v2\/users\/1"}],"replies":[{"embeddable":true,"href":"https:\/\/www.revolucionpermanente.com\/espanol\/wp-json\/wp\/v2\/comments?post=145"}],"version-history":[{"count":3,"href":"https:\/\/www.revolucionpermanente.com\/espanol\/wp-json\/wp\/v2\/pages\/145\/revisions"}],"predecessor-version":[{"id":151,"href":"https:\/\/www.revolucionpermanente.com\/espanol\/wp-json\/wp\/v2\/pages\/145\/revisions\/151"}],"wp:attachment":[{"href":"https:\/\/www.revolucionpermanente.com\/espanol\/wp-json\/wp\/v2\/media?parent=145"}],"curies":[{"name":"wp","href":"https:\/\/api.w.org\/{rel}","templated":true}]}}