{"id":519,"date":"2024-03-14T17:59:12","date_gmt":"2024-03-14T16:59:12","guid":{"rendered":"https:\/\/www.revolucionpermanente.com\/deutsch\/?page_id=519"},"modified":"2024-03-14T17:59:12","modified_gmt":"2024-03-14T16:59:12","slug":"debatten","status":"publish","type":"page","link":"https:\/\/www.revolucionpermanente.com\/deutsch\/debatten\/","title":{"rendered":"Debatten"},"content":{"rendered":"\n<h3>Versuch einer gemeinsamen Erkl\u00e4rung zu Pal\u00e4stina mit der L5I und dem OTI, Dezember 2023<\/h3>\n<ul>\n<li><a href=\"https:\/\/www.revolucionpermanente.com\/deutsch\/ito-und-lfi-projektgemeinsame-erklaerung-zu-palaestina\/\">Kommentar von CoReP, 31. Dezember<\/a><\/li>\n<li><a href=\"https:\/\/www.revolucionpermanente.com\/deutsch\/aenderungsantraege-des-corep-zur-erklaerung-der-iao-und-des-lfi-zu-palaestina\/\">CoReP-\u00c4nderungen, 19. Dezember<\/a><\/li>\n<li><a href=\"https:\/\/www.revolucionpermanente.com\/deutsch\/ito-und-lfi-projektgemeinsame-erklaerung-zu-palaestina\/\">Projekt der OTI und der L5I, 7. Dezember<\/a><\/li>\n<\/ul>\n<\/hr>\n\n","protected":false},"excerpt":{"rendered":"<p>Versuch einer gemeinsamen Erkl\u00e4rung zu Pal\u00e4stina mit der L5I und dem OTI, Dezember 2023 Kommentar von CoReP, 31. Dezember CoReP-\u00c4nderungen, 19. Dezember Projekt der OTI und der L5I, 7. Dezember<\/p>\n","protected":false},"author":1,"featured_media":0,"parent":0,"menu_order":0,"comment_status":"closed","ping_status":"closed","template":"","meta":{"footnotes":""},"class_list":["post-519","page","type-page","status-publish","hentry"],"_links":{"self":[{"href":"https:\/\/www.revolucionpermanente.com\/deutsch\/wp-json\/wp\/v2\/pages\/519","targetHints":{"allow":["GET"]}}],"collection":[{"href":"https:\/\/www.revolucionpermanente.com\/deutsch\/wp-json\/wp\/v2\/pages"}],"about":[{"href":"https:\/\/www.revolucionpermanente.com\/deutsch\/wp-json\/wp\/v2\/types\/page"}],"author":[{"embeddable":true,"href":"https:\/\/www.revolucionpermanente.com\/deutsch\/wp-json\/wp\/v2\/users\/1"}],"replies":[{"embeddable":true,"href":"https:\/\/www.revolucionpermanente.com\/deutsch\/wp-json\/wp\/v2\/comments?post=519"}],"version-history":[{"count":1,"href":"https:\/\/www.revolucionpermanente.com\/deutsch\/wp-json\/wp\/v2\/pages\/519\/revisions"}],"predecessor-version":[{"id":520,"href":"https:\/\/www.revolucionpermanente.com\/deutsch\/wp-json\/wp\/v2\/pages\/519\/revisions\/520"}],"wp:attachment":[{"href":"https:\/\/www.revolucionpermanente.com\/deutsch\/wp-json\/wp\/v2\/media?parent=519"}],"curies":[{"name":"wp","href":"https:\/\/api.w.org\/{rel}","templated":true}]}}